{"id":23329,"date":"2023-12-14T15:54:45","date_gmt":"2023-12-14T14:54:45","guid":{"rendered":"https:\/\/www.aluflex.com\/?post_type=product&#038;p=23329"},"modified":"2024-12-17T17:07:42","modified_gmt":"2024-12-17T16:07:42","slug":"forsankt-skruv-din-7991-m5x10","status":"publish","type":"product","link":"https:\/\/www.aluflex.com\/se\/produkt\/forsankt-skruv-din-7991-m5x10\/","title":{"rendered":"F\u00f6rs\u00e4nkt skruv DIN 7991 M8x10, blankf\u00f6rzinkad"},"excerpt":{"rendered":"","protected":false},"featured_media":46872,"template":"","meta":{"_acf_changed":false},"product_cat":[890],"product_tag":[227],"class_list":{"0":"post-23329","1":"product","2":"type-product","3":"status-publish","4":"has-post-thumbnail","6":"product_cat-countersunk-screws","7":"product_tag-static","9":"first","10":"instock","11":"shipping-taxable","12":"purchasable","13":"product-type-simple"},"acf":[],"_links":{"self":[{"href":"https:\/\/www.aluflex.com\/se\/wp-json\/wp\/v2\/product\/23329","targetHints":{"allow":["GET"]}}],"collection":[{"href":"https:\/\/www.aluflex.com\/se\/wp-json\/wp\/v2\/product"}],"about":[{"href":"https:\/\/www.aluflex.com\/se\/wp-json\/wp\/v2\/types\/product"}],"wp:featuredmedia":[{"embeddable":true,"href":"https:\/\/www.aluflex.com\/se\/wp-json\/wp\/v2\/media\/46872"}],"wp:attachment":[{"href":"https:\/\/www.aluflex.com\/se\/wp-json\/wp\/v2\/media?parent=23329"}],"wp:term":[{"taxonomy":"product_cat","embeddable":true,"href":"https:\/\/www.aluflex.com\/se\/wp-json\/wp\/v2\/product_cat?post=23329"},{"taxonomy":"product_tag","embeddable":true,"href":"https:\/\/www.aluflex.com\/se\/wp-json\/wp\/v2\/product_tag?post=23329"}],"curies":[{"name":"wp","href":"https:\/\/api.w.org\/{rel}","templated":true}]}}