{"id":22984,"date":"2023-12-13T21:15:27","date_gmt":"2023-12-13T20:15:27","guid":{"rendered":"https:\/\/www.aluflex.com\/?post_type=product&#038;p=22984"},"modified":"2026-02-26T16:26:34","modified_gmt":"2026-02-26T15:26:34","slug":"led-holje-profil-8-14x5-lock","status":"publish","type":"product","link":"https:\/\/www.aluflex.com\/se\/produkt\/led-holje-profil-8-14x5-lock\/","title":{"rendered":"LED-h\u00f6lje Profil 8 14\u00d75, K\u00e5pa, gr\u00e5 liknande RAL 7042"},"excerpt":{"rendered":"","protected":false},"featured_media":46806,"template":"","meta":{"_acf_changed":false},"product_cat":[806],"product_tag":[227],"class_list":{"0":"post-22984","1":"product","2":"type-product","3":"status-publish","4":"has-post-thumbnail","6":"product_cat-lighting","7":"product_tag-static","9":"first","10":"instock","11":"shipping-taxable","12":"purchasable","13":"product-type-simple"},"acf":[],"_links":{"self":[{"href":"https:\/\/www.aluflex.com\/se\/wp-json\/wp\/v2\/product\/22984","targetHints":{"allow":["GET"]}}],"collection":[{"href":"https:\/\/www.aluflex.com\/se\/wp-json\/wp\/v2\/product"}],"about":[{"href":"https:\/\/www.aluflex.com\/se\/wp-json\/wp\/v2\/types\/product"}],"wp:featuredmedia":[{"embeddable":true,"href":"https:\/\/www.aluflex.com\/se\/wp-json\/wp\/v2\/media\/46806"}],"wp:attachment":[{"href":"https:\/\/www.aluflex.com\/se\/wp-json\/wp\/v2\/media?parent=22984"}],"wp:term":[{"taxonomy":"product_cat","embeddable":true,"href":"https:\/\/www.aluflex.com\/se\/wp-json\/wp\/v2\/product_cat?post=22984"},{"taxonomy":"product_tag","embeddable":true,"href":"https:\/\/www.aluflex.com\/se\/wp-json\/wp\/v2\/product_tag?post=22984"}],"curies":[{"name":"wp","href":"https:\/\/api.w.org\/{rel}","templated":true}]}}