{"id":22717,"date":"2023-12-13T16:34:24","date_gmt":"2023-12-13T15:34:24","guid":{"rendered":"https:\/\/www.aluflex.com\/?post_type=product&#038;p=22717"},"modified":"2024-12-17T17:04:20","modified_gmt":"2024-12-17T16:04:20","slug":"lassystem-5-dubbelbart-las-med-nyckelskylt-2","status":"publish","type":"product","link":"https:\/\/www.aluflex.com\/se\/produkt\/lassystem-5-dubbelbart-las-med-nyckelskylt-2\/","title":{"rendered":"L\u00e5ssystem 6, dubbelbultat l\u00e5s med nyckelskylt, v\u00e4nsterapplicering"},"excerpt":{"rendered":"","protected":false},"featured_media":41944,"template":"","meta":{"_acf_changed":false},"product_cat":[789],"product_tag":[227],"class_list":{"0":"post-22717","1":"product","2":"type-product","3":"status-publish","4":"has-post-thumbnail","6":"product_cat-locking-systems","7":"product_tag-static","9":"first","10":"instock","11":"shipping-taxable","12":"purchasable","13":"product-type-simple"},"acf":[],"_links":{"self":[{"href":"https:\/\/www.aluflex.com\/se\/wp-json\/wp\/v2\/product\/22717","targetHints":{"allow":["GET"]}}],"collection":[{"href":"https:\/\/www.aluflex.com\/se\/wp-json\/wp\/v2\/product"}],"about":[{"href":"https:\/\/www.aluflex.com\/se\/wp-json\/wp\/v2\/types\/product"}],"wp:featuredmedia":[{"embeddable":true,"href":"https:\/\/www.aluflex.com\/se\/wp-json\/wp\/v2\/media\/41944"}],"wp:attachment":[{"href":"https:\/\/www.aluflex.com\/se\/wp-json\/wp\/v2\/media?parent=22717"}],"wp:term":[{"taxonomy":"product_cat","embeddable":true,"href":"https:\/\/www.aluflex.com\/se\/wp-json\/wp\/v2\/product_cat?post=22717"},{"taxonomy":"product_tag","embeddable":true,"href":"https:\/\/www.aluflex.com\/se\/wp-json\/wp\/v2\/product_tag?post=22717"}],"curies":[{"name":"wp","href":"https:\/\/api.w.org\/{rel}","templated":true}]}}