{"id":22702,"date":"2023-12-13T16:33:44","date_gmt":"2023-12-13T15:33:44","guid":{"rendered":"https:\/\/www.aluflex.com\/?post_type=product&#038;p=22702"},"modified":"2024-12-17T17:06:03","modified_gmt":"2024-12-17T16:06:03","slug":"lassystem-8-cylinderlas-med-grepp","status":"publish","type":"product","link":"https:\/\/www.aluflex.com\/se\/produkt\/lassystem-8-cylinderlas-med-grepp\/","title":{"rendered":"L\u00e5ssystem 5, cylinderl\u00e5s med grepp, h\u00f6gertill\u00e4mpning"},"excerpt":{"rendered":"","protected":false},"featured_media":41912,"template":"","meta":{"_acf_changed":false},"product_cat":[789],"product_tag":[227],"class_list":{"0":"post-22702","1":"product","2":"type-product","3":"status-publish","4":"has-post-thumbnail","6":"product_cat-locking-systems","7":"product_tag-static","9":"first","10":"instock","11":"shipping-taxable","12":"purchasable","13":"product-type-simple"},"acf":[],"_links":{"self":[{"href":"https:\/\/www.aluflex.com\/se\/wp-json\/wp\/v2\/product\/22702","targetHints":{"allow":["GET"]}}],"collection":[{"href":"https:\/\/www.aluflex.com\/se\/wp-json\/wp\/v2\/product"}],"about":[{"href":"https:\/\/www.aluflex.com\/se\/wp-json\/wp\/v2\/types\/product"}],"wp:featuredmedia":[{"embeddable":true,"href":"https:\/\/www.aluflex.com\/se\/wp-json\/wp\/v2\/media\/41912"}],"wp:attachment":[{"href":"https:\/\/www.aluflex.com\/se\/wp-json\/wp\/v2\/media?parent=22702"}],"wp:term":[{"taxonomy":"product_cat","embeddable":true,"href":"https:\/\/www.aluflex.com\/se\/wp-json\/wp\/v2\/product_cat?post=22702"},{"taxonomy":"product_tag","embeddable":true,"href":"https:\/\/www.aluflex.com\/se\/wp-json\/wp\/v2\/product_tag?post=22702"}],"curies":[{"name":"wp","href":"https:\/\/api.w.org\/{rel}","templated":true}]}}