{"id":22416,"date":"2023-12-13T14:46:24","date_gmt":"2023-12-13T13:46:24","guid":{"rendered":"https:\/\/www.aluflex.com\/?post_type=product&#038;p=22416"},"modified":"2024-12-17T17:09:11","modified_gmt":"2024-12-17T16:09:11","slug":"face-plate-m45-2-gang-with-labelling-panel-horizontal-3","status":"publish","type":"product","link":"https:\/\/www.aluflex.com\/se\/produkt\/face-plate-m45-2-gang-with-labelling-panel-horizontal-3\/","title":{"rendered":"Frontpl\u00e5t M45 3 Gang med m\u00e4rkningspanel, horisontell, svartgr\u00e5, liknande RAL 7021"},"excerpt":{"rendered":"","protected":false},"featured_media":44625,"template":"","meta":{"_acf_changed":false},"product_cat":[679],"product_tag":[227],"class_list":{"0":"post-22416","1":"product","2":"type-product","3":"status-publish","4":"has-post-thumbnail","6":"product_cat-installation-column-accessories","7":"product_tag-static","9":"first","10":"instock","11":"shipping-taxable","12":"purchasable","13":"product-type-simple"},"acf":[],"_links":{"self":[{"href":"https:\/\/www.aluflex.com\/se\/wp-json\/wp\/v2\/product\/22416","targetHints":{"allow":["GET"]}}],"collection":[{"href":"https:\/\/www.aluflex.com\/se\/wp-json\/wp\/v2\/product"}],"about":[{"href":"https:\/\/www.aluflex.com\/se\/wp-json\/wp\/v2\/types\/product"}],"wp:featuredmedia":[{"embeddable":true,"href":"https:\/\/www.aluflex.com\/se\/wp-json\/wp\/v2\/media\/44625"}],"wp:attachment":[{"href":"https:\/\/www.aluflex.com\/se\/wp-json\/wp\/v2\/media?parent=22416"}],"wp:term":[{"taxonomy":"product_cat","embeddable":true,"href":"https:\/\/www.aluflex.com\/se\/wp-json\/wp\/v2\/product_cat?post=22416"},{"taxonomy":"product_tag","embeddable":true,"href":"https:\/\/www.aluflex.com\/se\/wp-json\/wp\/v2\/product_tag?post=22416"}],"curies":[{"name":"wp","href":"https:\/\/api.w.org\/{rel}","templated":true}]}}