{"id":22258,"date":"2023-12-12T18:39:29","date_gmt":"2023-12-12T17:39:29","guid":{"rendered":"https:\/\/www.aluflex.com\/?post_type=product&#038;p=22258"},"modified":"2024-12-17T17:04:56","modified_gmt":"2024-12-17T16:04:56","slug":"gangjarn-6-pa-hoger","status":"publish","type":"product","link":"https:\/\/www.aluflex.com\/se\/produkt\/gangjarn-6-pa-hoger\/","title":{"rendered":"G\u00e5ngj\u00e4rn 6 PA, h\u00f6ger, svart"},"excerpt":{"rendered":"","protected":false},"featured_media":40282,"template":"","meta":{"_acf_changed":false},"product_cat":[655],"product_tag":[227],"class_list":{"0":"post-22258","1":"product","2":"type-product","3":"status-publish","4":"has-post-thumbnail","6":"product_cat-hinges-pa","7":"product_tag-static","9":"first","10":"instock","11":"shipping-taxable","12":"purchasable","13":"product-type-simple"},"acf":[],"_links":{"self":[{"href":"https:\/\/www.aluflex.com\/se\/wp-json\/wp\/v2\/product\/22258","targetHints":{"allow":["GET"]}}],"collection":[{"href":"https:\/\/www.aluflex.com\/se\/wp-json\/wp\/v2\/product"}],"about":[{"href":"https:\/\/www.aluflex.com\/se\/wp-json\/wp\/v2\/types\/product"}],"wp:featuredmedia":[{"embeddable":true,"href":"https:\/\/www.aluflex.com\/se\/wp-json\/wp\/v2\/media\/40282"}],"wp:attachment":[{"href":"https:\/\/www.aluflex.com\/se\/wp-json\/wp\/v2\/media?parent=22258"}],"wp:term":[{"taxonomy":"product_cat","embeddable":true,"href":"https:\/\/www.aluflex.com\/se\/wp-json\/wp\/v2\/product_cat?post=22258"},{"taxonomy":"product_tag","embeddable":true,"href":"https:\/\/www.aluflex.com\/se\/wp-json\/wp\/v2\/product_tag?post=22258"}],"curies":[{"name":"wp","href":"https:\/\/api.w.org\/{rel}","templated":true}]}}