{"id":21629,"date":"2023-12-07T14:25:31","date_gmt":"2023-12-07T13:25:31","guid":{"rendered":"https:\/\/www.aluflex.com\/?post_type=product&#038;p=21629"},"modified":"2024-12-17T17:05:19","modified_gmt":"2024-12-17T16:05:19","slug":"gangad-insats-m8-for-kubfastsats-8","status":"publish","type":"product","link":"https:\/\/www.aluflex.com\/se\/produkt\/gangad-insats-m8-for-kubfastsats-8\/","title":{"rendered":"G\u00e4ngad insats M8 f\u00f6r Cube Fastening Set 8, blankf\u00f6rzinkad"},"excerpt":{"rendered":"","protected":false},"featured_media":45911,"template":"","meta":{"_acf_changed":false},"product_cat":[591],"product_tag":[227],"class_list":{"0":"post-21629","1":"product","2":"type-product","3":"status-publish","4":"has-post-thumbnail","6":"product_cat-corner-fastening-sets","7":"product_tag-static","9":"first","10":"instock","11":"shipping-taxable","12":"purchasable","13":"product-type-simple"},"acf":[],"_links":{"self":[{"href":"https:\/\/www.aluflex.com\/se\/wp-json\/wp\/v2\/product\/21629","targetHints":{"allow":["GET"]}}],"collection":[{"href":"https:\/\/www.aluflex.com\/se\/wp-json\/wp\/v2\/product"}],"about":[{"href":"https:\/\/www.aluflex.com\/se\/wp-json\/wp\/v2\/types\/product"}],"wp:featuredmedia":[{"embeddable":true,"href":"https:\/\/www.aluflex.com\/se\/wp-json\/wp\/v2\/media\/45911"}],"wp:attachment":[{"href":"https:\/\/www.aluflex.com\/se\/wp-json\/wp\/v2\/media?parent=21629"}],"wp:term":[{"taxonomy":"product_cat","embeddable":true,"href":"https:\/\/www.aluflex.com\/se\/wp-json\/wp\/v2\/product_cat?post=21629"},{"taxonomy":"product_tag","embeddable":true,"href":"https:\/\/www.aluflex.com\/se\/wp-json\/wp\/v2\/product_tag?post=21629"}],"curies":[{"name":"wp","href":"https:\/\/api.w.org\/{rel}","templated":true}]}}