{"id":22727,"date":"2023-12-13T16:38:54","date_gmt":"2023-12-13T15:38:54","guid":{"rendered":"https:\/\/www.aluflex.com\/?post_type=product&#038;p=22727"},"modified":"2024-12-17T17:06:03","modified_gmt":"2024-12-17T16:06:03","slug":"lasesystem-8-dobbelt-skjegglas-med-handtak-2","status":"publish","type":"product","link":"https:\/\/www.aluflex.com\/no\/produkt\/lasesystem-8-dobbelt-skjegglas-med-handtak-2\/","title":{"rendered":"L\u00e5sesystem 6, Double-Beard Lock med h\u00e5ndtak, venstreh\u00e5nds bruk"},"excerpt":{"rendered":"","protected":false},"featured_media":41962,"template":"","meta":{"_acf_changed":false},"product_cat":[789],"product_tag":[227],"class_list":{"0":"post-22727","1":"product","2":"type-product","3":"status-publish","4":"has-post-thumbnail","6":"product_cat-locking-systems","7":"product_tag-static","9":"first","10":"instock","11":"shipping-taxable","12":"purchasable","13":"product-type-simple"},"acf":[],"_links":{"self":[{"href":"https:\/\/www.aluflex.com\/no\/wp-json\/wp\/v2\/product\/22727","targetHints":{"allow":["GET"]}}],"collection":[{"href":"https:\/\/www.aluflex.com\/no\/wp-json\/wp\/v2\/product"}],"about":[{"href":"https:\/\/www.aluflex.com\/no\/wp-json\/wp\/v2\/types\/product"}],"wp:featuredmedia":[{"embeddable":true,"href":"https:\/\/www.aluflex.com\/no\/wp-json\/wp\/v2\/media\/41962"}],"wp:attachment":[{"href":"https:\/\/www.aluflex.com\/no\/wp-json\/wp\/v2\/media?parent=22727"}],"wp:term":[{"taxonomy":"product_cat","embeddable":true,"href":"https:\/\/www.aluflex.com\/no\/wp-json\/wp\/v2\/product_cat?post=22727"},{"taxonomy":"product_tag","embeddable":true,"href":"https:\/\/www.aluflex.com\/no\/wp-json\/wp\/v2\/product_tag?post=22727"}],"curies":[{"name":"wp","href":"https:\/\/api.w.org\/{rel}","templated":true}]}}