{"id":22178,"date":"2023-12-12T17:57:26","date_gmt":"2023-12-12T16:57:26","guid":{"rendered":"https:\/\/www.aluflex.com\/?post_type=product&#038;p=22178"},"modified":"2024-12-17T17:02:45","modified_gmt":"2024-12-17T16:02:45","slug":"skyvedorsforingsprofil-8-40x20-overst","status":"publish","type":"product","link":"https:\/\/www.aluflex.com\/no\/produkt\/skyvedorsforingsprofil-8-40x20-overst\/","title":{"rendered":"Skyved\u00f8rsf\u00f8ringsprofil 8 40\u00d720, Topp, naturlig"},"excerpt":{"rendered":"","protected":false},"featured_media":40974,"template":"","meta":{"_acf_changed":false},"product_cat":[651],"product_tag":[1016],"class_list":{"0":"post-22178","1":"product","2":"type-product","3":"status-publish","4":"has-post-thumbnail","6":"product_cat-sliding-door-guide-sets","7":"product_tag-meter","9":"first","10":"instock","11":"shipping-taxable","12":"purchasable","13":"product-type-simple"},"acf":[],"_links":{"self":[{"href":"https:\/\/www.aluflex.com\/no\/wp-json\/wp\/v2\/product\/22178","targetHints":{"allow":["GET"]}}],"collection":[{"href":"https:\/\/www.aluflex.com\/no\/wp-json\/wp\/v2\/product"}],"about":[{"href":"https:\/\/www.aluflex.com\/no\/wp-json\/wp\/v2\/types\/product"}],"wp:featuredmedia":[{"embeddable":true,"href":"https:\/\/www.aluflex.com\/no\/wp-json\/wp\/v2\/media\/40974"}],"wp:attachment":[{"href":"https:\/\/www.aluflex.com\/no\/wp-json\/wp\/v2\/media?parent=22178"}],"wp:term":[{"taxonomy":"product_cat","embeddable":true,"href":"https:\/\/www.aluflex.com\/no\/wp-json\/wp\/v2\/product_cat?post=22178"},{"taxonomy":"product_tag","embeddable":true,"href":"https:\/\/www.aluflex.com\/no\/wp-json\/wp\/v2\/product_tag?post=22178"}],"curies":[{"name":"wp","href":"https:\/\/api.w.org\/{rel}","templated":true}]}}