{"id":33739,"date":"2024-11-22T15:41:41","date_gmt":"2024-11-22T14:41:41","guid":{"rendered":"https:\/\/www.aluflex.com\/?post_type=product&#038;p=33739"},"modified":"2024-12-17T17:03:22","modified_gmt":"2024-12-17T16:03:22","slug":"lip-seal-4-5-mm-xms-grey","status":"publish","type":"product","link":"https:\/\/www.aluflex.com\/linearmodul\/produkt\/lip-seal-4-5-mm-xms-grey\/","title":{"rendered":"L\u00e6bet\u00e6tning 4-5 mm - XMS, gr\u00e5"},"excerpt":{"rendered":"","protected":false},"featured_media":43207,"template":"","meta":{"_acf_changed":false},"product_cat":[818],"product_tag":[1016],"class_list":{"0":"post-33739","1":"product","2":"type-product","3":"status-publish","4":"has-post-thumbnail","6":"product_cat-line-xms-doors-line-xms","7":"product_tag-meter","9":"first","10":"instock","11":"shipping-taxable","12":"purchasable","13":"product-type-simple"},"acf":[],"_links":{"self":[{"href":"https:\/\/www.aluflex.com\/linearmodul\/wp-json\/wp\/v2\/product\/33739","targetHints":{"allow":["GET"]}}],"collection":[{"href":"https:\/\/www.aluflex.com\/linearmodul\/wp-json\/wp\/v2\/product"}],"about":[{"href":"https:\/\/www.aluflex.com\/linearmodul\/wp-json\/wp\/v2\/types\/product"}],"wp:featuredmedia":[{"embeddable":true,"href":"https:\/\/www.aluflex.com\/linearmodul\/wp-json\/wp\/v2\/media\/43207"}],"wp:attachment":[{"href":"https:\/\/www.aluflex.com\/linearmodul\/wp-json\/wp\/v2\/media?parent=33739"}],"wp:term":[{"taxonomy":"product_cat","embeddable":true,"href":"https:\/\/www.aluflex.com\/linearmodul\/wp-json\/wp\/v2\/product_cat?post=33739"},{"taxonomy":"product_tag","embeddable":true,"href":"https:\/\/www.aluflex.com\/linearmodul\/wp-json\/wp\/v2\/product_tag?post=33739"}],"curies":[{"name":"wp","href":"https:\/\/api.w.org\/{rel}","templated":true}]}}