{"id":22805,"date":"2023-12-13T20:00:56","date_gmt":"2023-12-13T19:00:56","guid":{"rendered":"https:\/\/www.aluflex.com\/?post_type=product&#038;p=22805"},"modified":"2024-12-17T17:07:53","modified_gmt":"2024-12-17T16:07:53","slug":"undersaenket-skrue-med-selvskaerende-gevind-din-7982-st-3-9x9-5-tx15","status":"publish","type":"product","link":"https:\/\/www.aluflex.com\/linearmodul\/produkt\/undersaenket-skrue-med-selvskaerende-gevind-din-7982-st-3-9x9-5-tx15\/","title":{"rendered":"Unders\u00e6nket skrue, selvsk\u00e6rende DIN 7982 St 3,9\u00d79,5, TX15, rustfri"},"excerpt":{"rendered":"","protected":false},"featured_media":47156,"template":"","meta":{"_acf_changed":false},"product_cat":[804],"product_tag":[227],"class_list":{"0":"post-22805","1":"product","2":"type-product","3":"status-publish","4":"has-post-thumbnail","6":"product_cat-visual-communication","7":"product_tag-static","9":"first","10":"instock","11":"shipping-taxable","12":"purchasable","13":"product-type-simple"},"acf":[],"_links":{"self":[{"href":"https:\/\/www.aluflex.com\/linearmodul\/wp-json\/wp\/v2\/product\/22805","targetHints":{"allow":["GET"]}}],"collection":[{"href":"https:\/\/www.aluflex.com\/linearmodul\/wp-json\/wp\/v2\/product"}],"about":[{"href":"https:\/\/www.aluflex.com\/linearmodul\/wp-json\/wp\/v2\/types\/product"}],"wp:featuredmedia":[{"embeddable":true,"href":"https:\/\/www.aluflex.com\/linearmodul\/wp-json\/wp\/v2\/media\/47156"}],"wp:attachment":[{"href":"https:\/\/www.aluflex.com\/linearmodul\/wp-json\/wp\/v2\/media?parent=22805"}],"wp:term":[{"taxonomy":"product_cat","embeddable":true,"href":"https:\/\/www.aluflex.com\/linearmodul\/wp-json\/wp\/v2\/product_cat?post=22805"},{"taxonomy":"product_tag","embeddable":true,"href":"https:\/\/www.aluflex.com\/linearmodul\/wp-json\/wp\/v2\/product_tag?post=22805"}],"curies":[{"name":"wp","href":"https:\/\/api.w.org\/{rel}","templated":true}]}}