{"id":24948,"date":"2023-12-15T23:05:32","date_gmt":"2023-12-15T22:05:32","guid":{"rendered":"https:\/\/www.aluflex.com\/?post_type=product&#038;p=24948"},"modified":"2024-12-17T17:05:41","modified_gmt":"2024-12-17T16:05:41","slug":"paaty-ja-voitelujarjestelma-8-d10-2","status":"publish","type":"product","link":"https:\/\/www.aluflex.com\/itemprofiili\/tuote\/paaty-ja-voitelujarjestelma-8-d10-2\/","title":{"rendered":"P\u00e4\u00e4tykansi ja voiteluj\u00e4rjestelm\u00e4 8 D10, musta"},"excerpt":{"rendered":"","protected":false},"featured_media":40584,"template":"","meta":{"_acf_changed":false},"product_cat":[767,768],"product_tag":[227],"class_list":{"0":"post-24948","1":"product","2":"type-product","3":"status-publish","4":"has-post-thumbnail","6":"product_cat-end-cap-and-lubricating-systems","7":"product_cat-end-cap-and-lubricating-systems-roller-guides-linear-guides-automation-system","8":"product_tag-static","10":"first","11":"instock","12":"shipping-taxable","13":"purchasable","14":"product-type-simple"},"acf":[],"_links":{"self":[{"href":"https:\/\/www.aluflex.com\/itemprofiili\/wp-json\/wp\/v2\/product\/24948","targetHints":{"allow":["GET"]}}],"collection":[{"href":"https:\/\/www.aluflex.com\/itemprofiili\/wp-json\/wp\/v2\/product"}],"about":[{"href":"https:\/\/www.aluflex.com\/itemprofiili\/wp-json\/wp\/v2\/types\/product"}],"wp:featuredmedia":[{"embeddable":true,"href":"https:\/\/www.aluflex.com\/itemprofiili\/wp-json\/wp\/v2\/media\/40584"}],"wp:attachment":[{"href":"https:\/\/www.aluflex.com\/itemprofiili\/wp-json\/wp\/v2\/media?parent=24948"}],"wp:term":[{"taxonomy":"product_cat","embeddable":true,"href":"https:\/\/www.aluflex.com\/itemprofiili\/wp-json\/wp\/v2\/product_cat?post=24948"},{"taxonomy":"product_tag","embeddable":true,"href":"https:\/\/www.aluflex.com\/itemprofiili\/wp-json\/wp\/v2\/product_tag?post=24948"}],"curies":[{"name":"wp","href":"https:\/\/api.w.org\/{rel}","templated":true}]}}