{"id":24839,"date":"2023-12-15T22:08:25","date_gmt":"2023-12-15T21:08:25","guid":{"rendered":"https:\/\/www.aluflex.com\/?post_type=product&#038;p=24839"},"modified":"2024-12-17T17:05:52","modified_gmt":"2024-12-17T16:05:52","slug":"liitoslevy-160x160-u80r50-u80r50","status":"publish","type":"product","link":"https:\/\/www.aluflex.com\/itemprofiili\/tuote\/liitoslevy-160x160-u80r50-u80r50\/","title":{"rendered":"Liit\u00e4nt\u00e4levy 160\u00d7160 U80R50, musta"},"excerpt":{"rendered":"","protected":false},"featured_media":41152,"template":"","meta":{"_acf_changed":false},"product_cat":[851,850],"product_tag":[227],"class_list":{"0":"post-24839","1":"product","2":"type-product","3":"status-publish","4":"has-post-thumbnail","6":"product_cat-timing-belt-reverse-units-timing-belt-drives-mechanical-drive-elements","7":"product_cat-timing-belt-reverse-units","8":"product_tag-static","10":"first","11":"instock","12":"shipping-taxable","13":"purchasable","14":"product-type-simple"},"acf":[],"_links":{"self":[{"href":"https:\/\/www.aluflex.com\/itemprofiili\/wp-json\/wp\/v2\/product\/24839","targetHints":{"allow":["GET"]}}],"collection":[{"href":"https:\/\/www.aluflex.com\/itemprofiili\/wp-json\/wp\/v2\/product"}],"about":[{"href":"https:\/\/www.aluflex.com\/itemprofiili\/wp-json\/wp\/v2\/types\/product"}],"wp:featuredmedia":[{"embeddable":true,"href":"https:\/\/www.aluflex.com\/itemprofiili\/wp-json\/wp\/v2\/media\/41152"}],"wp:attachment":[{"href":"https:\/\/www.aluflex.com\/itemprofiili\/wp-json\/wp\/v2\/media?parent=24839"}],"wp:term":[{"taxonomy":"product_cat","embeddable":true,"href":"https:\/\/www.aluflex.com\/itemprofiili\/wp-json\/wp\/v2\/product_cat?post=24839"},{"taxonomy":"product_tag","embeddable":true,"href":"https:\/\/www.aluflex.com\/itemprofiili\/wp-json\/wp\/v2\/product_tag?post=24839"}],"curies":[{"name":"wp","href":"https:\/\/api.w.org\/{rel}","templated":true}]}}