{"id":31302,"date":"2023-12-20T17:30:55","date_gmt":"2023-12-20T16:30:55","guid":{"rendered":"https:\/\/www.aluflex.com\/?post_type=product&#038;p=31302"},"modified":"2024-12-17T17:08:37","modified_gmt":"2024-12-17T16:08:37","slug":"akruulklaas-6mm-gs","status":"publish","type":"product","link":"https:\/\/www.aluflex.com\/itemprofiili-ee\/toode\/akruulklaas-6mm-gs\/","title":{"rendered":"Akr\u00fc\u00fclklaas 6mm GS, l\u00e4bipaistev"},"excerpt":{"rendered":"","protected":false},"featured_media":45963,"template":"","meta":{"_acf_changed":false},"product_cat":[870,858],"product_tag":[254],"class_list":{"0":"post-31302","1":"product","2":"type-product","3":"status-publish","4":"has-post-thumbnail","6":"product_cat-transparent-panels","7":"product_cat-line-xms-panel-fasteners","8":"product_tag-area","10":"first","11":"instock","12":"shipping-taxable","13":"purchasable","14":"product-type-simple"},"acf":[],"_links":{"self":[{"href":"https:\/\/www.aluflex.com\/itemprofiili-ee\/wp-json\/wp\/v2\/product\/31302","targetHints":{"allow":["GET"]}}],"collection":[{"href":"https:\/\/www.aluflex.com\/itemprofiili-ee\/wp-json\/wp\/v2\/product"}],"about":[{"href":"https:\/\/www.aluflex.com\/itemprofiili-ee\/wp-json\/wp\/v2\/types\/product"}],"wp:featuredmedia":[{"embeddable":true,"href":"https:\/\/www.aluflex.com\/itemprofiili-ee\/wp-json\/wp\/v2\/media\/45963"}],"wp:attachment":[{"href":"https:\/\/www.aluflex.com\/itemprofiili-ee\/wp-json\/wp\/v2\/media?parent=31302"}],"wp:term":[{"taxonomy":"product_cat","embeddable":true,"href":"https:\/\/www.aluflex.com\/itemprofiili-ee\/wp-json\/wp\/v2\/product_cat?post=31302"},{"taxonomy":"product_tag","embeddable":true,"href":"https:\/\/www.aluflex.com\/itemprofiili-ee\/wp-json\/wp\/v2\/product_tag?post=31302"}],"curies":[{"name":"wp","href":"https:\/\/api.w.org\/{rel}","templated":true}]}}